{"id":683,"date":"2019-11-20T16:09:56","date_gmt":"2019-11-20T16:09:56","guid":{"rendered":"https:\/\/cartellera.cat\/?page_id=683"},"modified":"2019-11-20T16:10:39","modified_gmt":"2019-11-20T16:10:39","slug":"politica-de-cookies","status":"publish","type":"page","link":"https:\/\/cartellera.cat\/es\/politica-de-cookies\/","title":{"rendered":"Pol\u00edtica de cookies"},"content":{"rendered":"<p>Las cookies son peque\u00f1os archivos de texto que recopilan peque\u00f1as cantidades de informaci\u00f3n y que se descargan en el navegador cuando se navega por un sitio web. Estos archivos normalmente se clasifican como cookies de sesi\u00f3n o cookies persistentes. Las primeras desaparecen del dispositivo al cerrar el navegador, mientras que las cookies persistentes permanecen en el equipo hasta que el usuario las elimina o expiran.<\/p>\n\n\n\n<p>En el caso de este sitio web, solo utilizamos cookies de sesi\u00f3n que desaparecen una vez se cierra el navegador y las propias de Google Analytics (que recopilan informaci\u00f3n an\u00f3nima para conocer c\u00f3mo se utiliza el sitio web, su procedencia, las p\u00e1ginas visitadas, etc.). Adem\u00e1s, WordPress puede utilizar otras cookies con fines estad\u00edsticos.<\/p>","protected":false},"excerpt":{"rendered":"<p>Les galetes (cookies) s\u00f3n petits arxius de text que recullen petites quantitats d\u2019informaci\u00f3 i que es descarreguen al navegador quan es navega per un lloc web. Aquests arxius normalment es classifiquen com a galetes de sessi\u00f3 o com a galetes persistents. Les primeres desapareixen del dispositiu quan es tanca el navegador i les persistents romanen&hellip; <br \/> <a class=\"read-more\" href=\"https:\/\/cartellera.cat\/es\/politica-de-cookies\/\">Leer m\u00e1s<\/a><\/p>","protected":false},"author":1,"featured_media":0,"parent":0,"menu_order":0,"comment_status":"closed","ping_status":"closed","template":"","meta":[],"yoast_head":"<!-- This site is optimized with the Yoast SEO plugin v18.4.1 - https:\/\/yoast.com\/wordpress\/plugins\/seo\/ -->\n<title>Pol\u00edtica de cookies - Crea la teva cartellera digital<\/title>\n<meta name=\"robots\" content=\"index, follow, max-snippet:-1, max-image-preview:large, max-video-preview:-1\" \/>\n<link rel=\"canonical\" href=\"https:\/\/cartellera.cat\/es\/politica-de-cookies\/\" \/>\n<meta property=\"og:locale\" content=\"es_ES\" \/>\n<meta property=\"og:type\" content=\"article\" \/>\n<meta property=\"og:title\" content=\"Pol\u00edtica de cookies - Crea la teva cartellera digital\" \/>\n<meta property=\"og:description\" content=\"Les galetes (cookies) s\u00f3n petits arxius de text que recullen petites quantitats d\u2019informaci\u00f3 i que es descarreguen al navegador quan es navega per un lloc web. Aquests arxius normalment es classifiquen com a galetes de sessi\u00f3 o com a galetes persistents. Les primeres desapareixen del dispositiu quan es tanca el navegador i les persistents romanen&hellip; Leer m\u00e1s\" \/>\n<meta property=\"og:url\" content=\"https:\/\/cartellera.cat\/es\/politica-de-cookies\/\" \/>\n<meta property=\"og:site_name\" content=\"Crea la teva cartellera digital\" \/>\n<meta property=\"article:modified_time\" content=\"2019-11-20T16:10:39+00:00\" \/>\n<meta property=\"og:image\" content=\"https:\/\/cartellera.cat\/wp-content\/uploads\/2020\/02\/share_img.jpg\" \/>\n\t<meta property=\"og:image:width\" content=\"250\" \/>\n\t<meta property=\"og:image:height\" content=\"191\" \/>\n\t<meta property=\"og:image:type\" content=\"image\/jpeg\" \/>\n<meta name=\"twitter:card\" content=\"summary_large_image\" \/>\n<meta name=\"twitter:label1\" content=\"Tiempo de lectura\" \/>\n\t<meta name=\"twitter:data1\" content=\"1 minuto\" \/>\n<script type=\"application\/ld+json\" class=\"yoast-schema-graph\">{\"@context\":\"https:\/\/schema.org\",\"@graph\":[{\"@type\":\"Organization\",\"@id\":\"https:\/\/cartellera.cat\/#organization\",\"name\":\"La Cartellera\",\"url\":\"https:\/\/cartellera.cat\/\",\"sameAs\":[],\"logo\":{\"@type\":\"ImageObject\",\"@id\":\"https:\/\/cartellera.cat\/#logo\",\"inLanguage\":\"es\",\"url\":\"https:\/\/cartellera.cat\/wp-content\/uploads\/2019\/11\/negre.jpg\",\"contentUrl\":\"https:\/\/cartellera.cat\/wp-content\/uploads\/2019\/11\/negre.jpg\",\"width\":582,\"height\":192,\"caption\":\"La Cartellera\"},\"image\":{\"@id\":\"https:\/\/cartellera.cat\/#logo\"}},{\"@type\":\"WebSite\",\"@id\":\"https:\/\/cartellera.cat\/#website\",\"url\":\"https:\/\/cartellera.cat\/\",\"name\":\"Crea la teva cartellera digital\",\"description\":\"Utilitza la teva pantalla per a promocionar els teus productes i serveis. Gestiona-ho tot des del m\u00f2bil.\",\"publisher\":{\"@id\":\"https:\/\/cartellera.cat\/#organization\"},\"potentialAction\":[{\"@type\":\"SearchAction\",\"target\":{\"@type\":\"EntryPoint\",\"urlTemplate\":\"https:\/\/cartellera.cat\/?s={search_term_string}\"},\"query-input\":\"required name=search_term_string\"}],\"inLanguage\":\"es\"},{\"@type\":\"WebPage\",\"@id\":\"https:\/\/cartellera.cat\/politica-de-cookies\/#webpage\",\"url\":\"https:\/\/cartellera.cat\/politica-de-cookies\/\",\"name\":\"Pol\u00edtica de cookies - Crea la teva cartellera digital\",\"isPartOf\":{\"@id\":\"https:\/\/cartellera.cat\/#website\"},\"datePublished\":\"2019-11-20T16:09:56+00:00\",\"dateModified\":\"2019-11-20T16:10:39+00:00\",\"breadcrumb\":{\"@id\":\"https:\/\/cartellera.cat\/politica-de-cookies\/#breadcrumb\"},\"inLanguage\":\"es\",\"potentialAction\":[{\"@type\":\"ReadAction\",\"target\":[\"https:\/\/cartellera.cat\/politica-de-cookies\/\"]}]},{\"@type\":\"BreadcrumbList\",\"@id\":\"https:\/\/cartellera.cat\/politica-de-cookies\/#breadcrumb\",\"itemListElement\":[{\"@type\":\"ListItem\",\"position\":1,\"name\":\"Portada\",\"item\":\"https:\/\/cartellera.cat\/\"},{\"@type\":\"ListItem\",\"position\":2,\"name\":\"Pol\u00edtica de cookies\"}]}]}<\/script>\n<!-- \/ Yoast SEO plugin. -->","yoast_head_json":{"title":"Pol\u00edtica de cookies - Crea la teva cartellera digital","robots":{"index":"index","follow":"follow","max-snippet":"max-snippet:-1","max-image-preview":"max-image-preview:large","max-video-preview":"max-video-preview:-1"},"canonical":"https:\/\/cartellera.cat\/es\/politica-de-cookies\/","og_locale":"es_ES","og_type":"article","og_title":"Pol\u00edtica de cookies - Crea la teva cartellera digital","og_description":"Les galetes (cookies) s\u00f3n petits arxius de text que recullen petites quantitats d\u2019informaci\u00f3 i que es descarreguen al navegador quan es navega per un lloc web. Aquests arxius normalment es classifiquen com a galetes de sessi\u00f3 o com a galetes persistents. Les primeres desapareixen del dispositiu quan es tanca el navegador i les persistents romanen&hellip; Leer m\u00e1s","og_url":"https:\/\/cartellera.cat\/es\/politica-de-cookies\/","og_site_name":"Crea la teva cartellera digital","article_modified_time":"2019-11-20T16:10:39+00:00","og_image":[{"width":250,"height":191,"url":"https:\/\/cartellera.cat\/wp-content\/uploads\/2020\/02\/share_img.jpg","type":"image\/jpeg"}],"twitter_card":"summary_large_image","twitter_misc":{"Tiempo de lectura":"1 minuto"},"schema":{"@context":"https:\/\/schema.org","@graph":[{"@type":"Organization","@id":"https:\/\/cartellera.cat\/#organization","name":"La Cartellera","url":"https:\/\/cartellera.cat\/","sameAs":[],"logo":{"@type":"ImageObject","@id":"https:\/\/cartellera.cat\/#logo","inLanguage":"es","url":"https:\/\/cartellera.cat\/wp-content\/uploads\/2019\/11\/negre.jpg","contentUrl":"https:\/\/cartellera.cat\/wp-content\/uploads\/2019\/11\/negre.jpg","width":582,"height":192,"caption":"La Cartellera"},"image":{"@id":"https:\/\/cartellera.cat\/#logo"}},{"@type":"WebSite","@id":"https:\/\/cartellera.cat\/#website","url":"https:\/\/cartellera.cat\/","name":"Crea la teva cartellera digital","description":"Utilitza la teva pantalla per a promocionar els teus productes i serveis. Gestiona-ho tot des del m\u00f2bil.","publisher":{"@id":"https:\/\/cartellera.cat\/#organization"},"potentialAction":[{"@type":"SearchAction","target":{"@type":"EntryPoint","urlTemplate":"https:\/\/cartellera.cat\/?s={search_term_string}"},"query-input":"required name=search_term_string"}],"inLanguage":"es"},{"@type":"WebPage","@id":"https:\/\/cartellera.cat\/politica-de-cookies\/#webpage","url":"https:\/\/cartellera.cat\/politica-de-cookies\/","name":"Pol\u00edtica de cookies - Crea la teva cartellera digital","isPartOf":{"@id":"https:\/\/cartellera.cat\/#website"},"datePublished":"2019-11-20T16:09:56+00:00","dateModified":"2019-11-20T16:10:39+00:00","breadcrumb":{"@id":"https:\/\/cartellera.cat\/politica-de-cookies\/#breadcrumb"},"inLanguage":"es","potentialAction":[{"@type":"ReadAction","target":["https:\/\/cartellera.cat\/politica-de-cookies\/"]}]},{"@type":"BreadcrumbList","@id":"https:\/\/cartellera.cat\/politica-de-cookies\/#breadcrumb","itemListElement":[{"@type":"ListItem","position":1,"name":"Portada","item":"https:\/\/cartellera.cat\/"},{"@type":"ListItem","position":2,"name":"Pol\u00edtica de cookies"}]}]}},"_links":{"self":[{"href":"https:\/\/cartellera.cat\/es\/wp-json\/wp\/v2\/pages\/683"}],"collection":[{"href":"https:\/\/cartellera.cat\/es\/wp-json\/wp\/v2\/pages"}],"about":[{"href":"https:\/\/cartellera.cat\/es\/wp-json\/wp\/v2\/types\/page"}],"author":[{"embeddable":true,"href":"https:\/\/cartellera.cat\/es\/wp-json\/wp\/v2\/users\/1"}],"replies":[{"embeddable":true,"href":"https:\/\/cartellera.cat\/es\/wp-json\/wp\/v2\/comments?post=683"}],"version-history":[{"count":2,"href":"https:\/\/cartellera.cat\/es\/wp-json\/wp\/v2\/pages\/683\/revisions"}],"predecessor-version":[{"id":685,"href":"https:\/\/cartellera.cat\/es\/wp-json\/wp\/v2\/pages\/683\/revisions\/685"}],"wp:attachment":[{"href":"https:\/\/cartellera.cat\/es\/wp-json\/wp\/v2\/media?parent=683"}],"curies":[{"name":"wp","href":"https:\/\/api.w.org\/{rel}","templated":true}]}}